{"id":40824,"date":"2014-11-29T09:22:36","date_gmt":"2014-11-29T09:22:36","guid":{"rendered":"https:\/\/www.dr-bull.at\/home\/"},"modified":"2019-10-13T22:00:13","modified_gmt":"2019-10-13T22:00:13","slug":"home-3","status":"publish","type":"page","link":"https:\/\/www.dr-bull.at\/pl\/","title":{"rendered":"Home"},"content":{"rendered":"<div id=\"pl-40824\"  class=\"panel-layout\" ><div id=\"pg-40824-0\"  class=\"panel-grid panel-no-style\" ><div id=\"pgc-40824-0-0\"  class=\"panel-grid-cell\" ><div id=\"panel-40824-0-0-0\" class=\"so-panel widget widget_black-studio-tinymce widget_black_studio_tinymce panel-first-child\" data-index=\"0\" ><div class=\"textwidget\"><p>&nbsp;<\/p>\n<p>&nbsp;<img loading=\"lazy\" decoding=\"async\" class=\"alignnone size-medium wp-image-40475\" src=\"https:\/\/www.dr-bull.at\/wp-content\/uploads\/2019\/03\/Foto-Dr.-Philippe-Bull-zugeschnitten-300x267.jpg\" alt=\"\" width=\"300\" height=\"267\" title=\"\" srcset=\"https:\/\/www.dr-bull.at\/wp-content\/uploads\/2019\/03\/Foto-Dr.-Philippe-Bull-zugeschnitten-300x267.jpg 300w, https:\/\/www.dr-bull.at\/wp-content\/uploads\/2019\/03\/Foto-Dr.-Philippe-Bull-zugeschnitten-768x683.jpg 768w, https:\/\/www.dr-bull.at\/wp-content\/uploads\/2019\/03\/Foto-Dr.-Philippe-Bull-zugeschnitten.jpg 968w\" sizes=\"auto, (max-width: 300px) 100vw, 300px\" \/><\/p>\n<\/div><\/div><div id=\"panel-40824-0-0-1\" class=\"so-panel widget widget_siteorigin-panels-embedded-video panel-last-child\" data-index=\"1\" >\t\t<div class=\"siteorigin-fitvids\"><\/div>\n\t\t<\/div><\/div><div id=\"pgc-40824-0-1\"  class=\"panel-grid-cell\" ><div id=\"panel-40824-0-1-0\" class=\"so-panel widget widget_black-studio-tinymce widget_black_studio_tinymce panel-first-child panel-last-child\" data-index=\"2\" ><div class=\"textwidget\"><h1>Willkommen in der Praxis Dr Bull<\/h1>\n<h2>Ihr Spezialist f\u00fcr Endoskopie, Proktologie und Venenchirurgie<\/h2>\n<p><strong>Sehr geehrte Damen und Herren!<\/strong><\/p>\n<p>Dr. Bull ist Facharzt f\u00fcr Chirurgie in Wien und praktiziert&nbsp; seit 1994 ausschlie\u00dflich ambulant durchzuf\u00fchrende Eingriffe. Die Ordination ist spezialisiert auf Endoskopie (<a title=\"Gastroskopie\" href=\"https:\/\/www.dr-bull.at\/gastroskopie\">Gastro<\/a>- und <a title=\"Colonoskopie\" href=\"https:\/\/www.dr-bull.at\/koloskopie-wien\">Koloskopie<\/a>), <a title=\"Proktologie\" href=\"https:\/\/www.dr-bull.at\/proktologe-wien\">Proktologie<\/a> und <a href=\"https:\/\/www.dr-bull.at\/venenzentrum\">Venenchirurgie<\/a>. Die <a href=\"http:\/\/www.praxis-sievering.at\/\" target=\"_blank\" rel=\"nofollow noopener\">Chirurgische Tagesklinik Sievering <\/a>und die im Zentrum der Stadt befindliche Privatpraxis im <a title=\"Praxis im Heiligenkreuzerhof\" href=\"https:\/\/www.dr-bull.at\/praxis-im-heiligenkreuzerhof\/\">Heiligenkreuzerhof<\/a> liegen im Trend der heutigen Entwicklung: die vorsorgliche&nbsp; endoskopische Untersuchungen und viele Operationen erfordern heute keinen Krankenhausaufenthalt mehr: sie k\u00f6nnen in einem ambulanten chirurgischen Zentrum bzw. einer Tagesklinik vorgenommen werden. Medizinische Versorgung, Betreuung sowie chirurgische Ausstattung entsprechen dem h\u00f6chsten Niveau; dazu umgibt Sie eine private Atmosph\u00e4re.<\/p>\n<p>Auf unseren Internetseiten finden Sie zus\u00e4tzlich zur Ordination und chirurgischen Praxis, wichtige Patienteninformationen, entweder in Form von Krankheitsbildern oder in alphabetischer Auflistung. Bei Fragen k\u00f6nnen Sie sich jederzeit an ihren <a href=\"https:\/\/www.dr-bull.at\/venenarzt-wien\">Venenarzt in Wien<\/a> wenden.<\/p>\n<\/div><\/div><\/div><\/div><div id=\"pg-40824-1\"  class=\"panel-grid panel-no-style\" ><div id=\"pgc-40824-1-0\"  class=\"panel-grid-cell\" ><div id=\"panel-40824-1-0-0\" class=\"so-panel widget widget_black-studio-tinymce widget_black_studio_tinymce panel-first-child\" data-index=\"3\" ><h3 class=\"widget-title\">Tageschirurgie<\/h3><div class=\"textwidget\"><p>Ambulantes Operieren: Unter Tageschirurgie oder auch Ambulantoperation&nbsp; versteht man die Durchf\u00fchrung eines operativen Eingriffs ohne anschlie\u00dfenden mehrt\u00e4gigen Spitalsaufenthalt. Der Patient kommt in die Klinik, wird anschlie\u00dfend operiert und geht noch am selben Tag wieder nach Hause. Die Vorteile liegen hierbei in der Fr\u00fchmobilsieren des Patienten, der besseren Kalkulierbarkeit des zeitlichen Ablaufs, dem geringeren Risiko krankenhausbedingter Infektionen und eine bessere Auslastung des Spitalsbetriebs. Im Gegenteil, die Fr\u00fchmobilisierung und die geringere Gef\u00e4hr der Infektion (Spitalskeime) verk\u00fczt die Rekonvaleszenz merklich... weiter lesen.<\/p>\n<p>Auszug aus dem m\u00f6glichen ambul. OP-Katalog: - handchirurgische Eingriffe (<a title=\"Ganglien der Hand- Diagnostik und Therapie\" href=\"https:\/\/www.dr-bull.at\/ganglien-der-hand-diagnostik-und-therapie\">Ganglion<\/a>, <a title=\"Eingewachsener Nagel -Nagelplastik\" href=\"https:\/\/www.dr-bull.at\/eingewachsener-nagel-nagelplastik\">Nagelplastik<\/a>)&nbsp; - allgemeinchirurgische Eingriffe (<a title=\"Besenreiser &amp; Krampfadern entfernen in Wien\" href=\"https:\/\/www.dr-bull.at\/besenreiser-wien\">Besenreiser entfernen lassen<\/a>, Leisten- und Nabelbruch, Port-Anlage, Hautkrebs, <a title=\"Symptomen; Brustknoten, Tumor der Brust\" href=\"https:\/\/www.dr-bull.at\/symptomen-brustknoten-tumor-der-brust\">Brusteingriffe<\/a>) -sonstige Eingriffe (auch <a title=\"Kolonoskopie\" href=\"https:\/\/www.dr-bull.at\/koloskopie-wien\">Dickdarmspiegelungen<\/a> mit Polypen k\u00f6nnen ambulant durchgef\u00fchrt werden)<\/p>\n<\/div><\/div><div id=\"panel-40824-1-0-1\" class=\"so-panel widget widget_origin_button panel-last-child\" data-index=\"4\" ><div class=\"origin-widget origin-widget-button origin-widget-button-simple-white align-center\"><a href=\"\/tageschirurgie\" \n>\n\tWeitere Information<\/a>\n<\/div><\/div><\/div><div id=\"pgc-40824-1-1\"  class=\"panel-grid-cell\" ><div id=\"panel-40824-1-1-0\" class=\"so-panel widget widget_siteorigin-panels-embedded-video panel-first-child panel-last-child\" data-index=\"5\" >\t\t<div class=\"siteorigin-fitvids\"><iframe loading=\"lazy\" width=\"720\" height=\"540\" src=\"https:\/\/www.youtube.com\/embed\/AVle1jOEHK4?feature=oembed\" frameborder=\"0\" allow=\"autoplay; encrypted-media\" allowfullscreen><\/iframe><\/div>\n\t\t<\/div><\/div><\/div><div id=\"pg-40824-2\"  class=\"panel-grid panel-no-style\" ><div id=\"pgc-40824-2-0\"  class=\"panel-grid-cell\" ><div id=\"panel-40824-2-0-0\" class=\"so-panel widget widget_black-studio-tinymce widget_black_studio_tinymce panel-first-child panel-last-child\" data-index=\"6\" ><h3 class=\"widget-title\">Magen-Darmzentrum<\/h3><div class=\"textwidget\"><p><a href=\"https:\/\/www.dr-bull.at\/wp-content\/uploads\/2014\/10\/shutterstock_121049866.jpg\"><img loading=\"lazy\" decoding=\"async\" class=\"alignleft wp-image-313 size-thumbnail\" src=\"https:\/\/www.dr-bull.at\/wp-content\/uploads\/2014\/10\/shutterstock_121049866-150x150.jpg\" alt=\"shutterstock_121049866\" width=\"150\" height=\"150\" title=\"\" srcset=\"https:\/\/www.dr-bull.at\/wp-content\/uploads\/2014\/10\/shutterstock_121049866-150x150.jpg 150w, https:\/\/www.dr-bull.at\/wp-content\/uploads\/2014\/10\/shutterstock_121049866-160x160.jpg 160w\" sizes=\"auto, (max-width: 150px) 100vw, 150px\" \/><\/a> In \u00d6sterreich erkranken j\u00e4hrlich \u00fcber&nbsp; 5.000 Menschen an Dickdarmkrebs. Damit ist dieser eine der h\u00e4ufigsten Krebsformen. Beim Dickdarmkrebs ist die Vorsorge in der Lage, das Leiden nicht nur zu einem fr\u00fchen und damit gut behandelbaren Zeitpunkt zu erkennen, sondern auch durch die prophylaktische Behandlung von gutartigen Vorstufen den Ausbruch der Krebserkrankung \u00fcberhaupt zu verhindern.<\/p>\n<p>Seit Einf\u00fchrung der Vorsorgekoloskopie lassen sich in \u00d6sterreich hunderte Darmkrebsneuerkrankungen und -todesf\u00e4lle pro Jahr verhindern. Es k\u00f6nnten noch mehr sein \u2013 denn es macht einen Unterschied, ob die Untersuchung qualit\u00e4tsgesichert durchgef\u00fchrt wird oder nicht.<\/p>\n<p><a title=\"Colonoskopie\" href=\"https:\/\/www.dr-bull.at\/koloskopie-wien\">Weiter lesen...<\/a><\/p>\n<\/div><\/div><\/div><div id=\"pgc-40824-2-1\"  class=\"panel-grid-cell\" ><div id=\"panel-40824-2-1-0\" class=\"so-panel widget widget_black-studio-tinymce widget_black_studio_tinymce panel-first-child panel-last-child\" data-index=\"7\" ><h3 class=\"widget-title\">Venenbehandlung<\/h3><div class=\"textwidget\"><p><a href=\"https:\/\/www.dr-bull.at\/krampfadern-wien\"><img loading=\"lazy\" decoding=\"async\" class=\" wp-image-828 size-thumbnail alignleft\" src=\"https:\/\/www.dr-bull.at\/wp-content\/uploads\/2014\/11\/vv2-210-120-150x120.jpg\" alt=\"\" width=\"150\" height=\"120\" title=\"\"><\/a><a href=\"https:\/\/www.dr-bull.at\/krampfadern-wien\"> Krampfadern<\/a> st\u00f6ren nicht nur kosmetisch. Sie verursachen auch M\u00fcdigkeit, Stauungsbeschwerden, Wadenkr\u00e4mpfe, Hautver\u00e4nderungen und wiederholt Venenentz\u00fcndungen bis zur Entwicklung eines Geschw\u00fcrs am Unterschenkel (<a title=\"Ulcus cruris- Das offene Bein \u2013 Behandlungen\" href=\"https:\/\/www.dr-bull.at\/ulcus-cruris\">ven\u00f6ses Ulcus<\/a>). Im Anfangsstadium der Venenerkrankung kann versucht werden, die Venen zu ver\u00f6den. Diese <a title=\"Krampfadern; Ver\u00f6dung\" href=\"https:\/\/www.dr-bull.at\/krampfadern-veroedung\">Ver\u00f6dung<\/a> (Sklerosierung) ist jedoch nur bei Krampfadern unter 10mm empfohlen, bei voll ausgebildeten Krampfadern ist ein dauerhafter Erfolg kaum zu erwarten. Das gleiche gilt auch f\u00fcr Behandlungsma\u00dfnahmen, wie das Tragen eines <a title=\"Krampfadern; Kompression\" href=\"https:\/\/www.dr-bull.at\/krampfadern-kompression\">Gummistrumpfes <\/a>und die Gabe von Medikamenten. Zur Operation k\u00f6nnen wir aber dann raten, wenn das tiefe Venensystem intakt ist. Dazu bedarf es eingehender Untersuchungen, z. B. der<a title=\"Doppler-Ultraschall \u2013 Duplex\" href=\"https:\/\/www.dr-bull.at\/doppler-ultraschall-duplex\"> Doppler-Ultraschall<\/a>, zur funktionellen Darstellung des Venensystems.<\/p>\n<p><a title=\"Venenzentrum\" href=\"https:\/\/www.dr-bull.at\/venenzentrum\">Weiter lesen ...<\/a><\/p>\n<\/div><\/div><\/div><div id=\"pgc-40824-2-2\"  class=\"panel-grid-cell\" ><div id=\"panel-40824-2-2-0\" class=\"so-panel widget widget_black-studio-tinymce widget_black_studio_tinymce panel-first-child panel-last-child\" data-index=\"8\" ><div class=\"textwidget\"><p style=\"text-align: center;\"><a title=\"About Dr Bull\" href=\"https:\/\/www.dr-bull.at\/about\"><img loading=\"lazy\" decoding=\"async\" class=\"alignleft wp-image-157 size-full\" src=\"https:\/\/www.dr-bull.at\/wp-content\/uploads\/2014\/10\/keep-calm-and-go-to-dr-bull-e1420322438872.jpg\" alt=\"keep-calm-and-go-to-dr-bull\" width=\"250\" height=\"200\" title=\"\"><\/a><\/p>\n<p style=\"text-align: center;\">\u00a0<\/p>\n<\/div><\/div><\/div><\/div><div id=\"pg-40824-3\"  class=\"panel-grid panel-no-style\" ><div id=\"pgc-40824-3-0\"  class=\"panel-grid-cell\" ><div id=\"panel-40824-3-0-0\" class=\"so-panel widget widget_black-studio-tinymce widget_black_studio_tinymce panel-first-child\" data-index=\"9\" ><div class=\"textwidget\"><p style=\"text-align: center;\"><img loading=\"lazy\" decoding=\"async\" src=\"https:\/\/www.dr-bull.at\/wp-content\/uploads\/2014\/12\/qrcode_bull-92.jpg\" width=\"92\" height=\"92\" alt=\"Arzt-App\" title=\"\"><\/p>\n<p style=\"text-align: center;\"><b>Arzt-App<br \/>\n<\/b>Mit dieser App bleiben Sie mit Ihrem Arzt in Verbindung. Herunterladen, Arzt-Code eingeben und schon k\u00f6nnen Sie einfach auch von unterwegs einen Termin vereinbaren.<\/p>\n<\/div><\/div><div id=\"panel-40824-3-0-1\" class=\"so-panel widget widget_origin_button panel-last-child\" data-index=\"10\" ><div class=\"origin-widget origin-widget-button origin-widget-button-simple-white align-center\"><a href=\"\/ordination\" \n>\n\tweitere Informationen<\/a>\n<\/div><\/div><\/div><div id=\"pgc-40824-3-1\"  class=\"panel-grid-cell\" ><div id=\"panel-40824-3-1-0\" class=\"so-panel widget widget_black-studio-tinymce widget_black_studio_tinymce panel-first-child\" data-index=\"11\" ><div class=\"textwidget\"><p style=\"text-align: center;\"><img loading=\"lazy\" decoding=\"async\" src=\"https:\/\/www.dr-bull.at\/wp-content\/uploads\/2014\/12\/e-card-92.jpg\" width=\"143\" height=\"92\" alt=\"E-Card\" title=\"\"><\/p>\n<p style=\"text-align: center;\"><b>Die Ordination hat kleine Kassen und Privat, Wahlarzt der GKK<br \/>\n<\/b>Bringen Sie Folgendes mit:E-Card, Kranken- oder Zuweisungsschein, Entlassungsbriefe, Vorbefunde (R\u00f6ntgenbilder, Blutlabor, usw.) mitbringen.<\/p>\n<\/div><\/div><div id=\"panel-40824-3-1-1\" class=\"so-panel widget widget_origin_button panel-last-child\" data-index=\"12\" ><div class=\"origin-widget origin-widget-button origin-widget-button-simple-white align-center\"><a href=\"\/ordination\" \n>\n\tweitere Informationen<\/a>\n<\/div><\/div><\/div><div id=\"pgc-40824-3-2\"  class=\"panel-grid-cell\" ><div id=\"panel-40824-3-2-0\" class=\"so-panel widget widget_black-studio-tinymce widget_black_studio_tinymce panel-first-child\" data-index=\"13\" ><div class=\"textwidget\"><p style=\"text-align: center;\"><img loading=\"lazy\" decoding=\"async\" src=\"https:\/\/www.dr-bull.at\/wp-content\/uploads\/2014\/12\/termin_vereinbaren100.jpg\" width=\"100\" height=\"92\" alt=\"Termin vereinbaren\" title=\"\"><\/p>\n<p style=\"text-align: center;\"><b>Wollen Sie einen Termin vereinbaren?<br \/>\n<\/b>Vereinbaren Sie Ihren Beratungstermin mit uns schnell<br \/>\nund einfach online. Per <a title=\"Appointment\" href=\"https:\/\/www.dr-bull.at\/kontakt\/\">Online-Formular<\/a> oder w\u00e4hrend<br \/>\nunserer Ordinationszeiten auch im Online -Sekretariat.<\/p>\n<\/div><\/div><div id=\"panel-40824-3-2-1\" class=\"so-panel widget widget_origin_button panel-last-child\" data-index=\"14\" ><div class=\"origin-widget origin-widget-button origin-widget-button-simple-white align-center\"><a href=\"\/ordination\" \n>\n\tweitere Informationen<\/a>\n<\/div><\/div><\/div><\/div><div id=\"pg-40824-4\"  class=\"panel-grid panel-no-style\" ><div id=\"pgc-40824-4-0\"  class=\"panel-grid-cell\" ><div id=\"panel-40824-4-0-0\" class=\"so-panel widget widget_black-studio-tinymce widget_black_studio_tinymce panel-first-child panel-last-child\" data-index=\"15\" ><div class=\"textwidget\"><p><a href=\"https:\/\/video.netdoktor.at\/netdoktor\/videos\/250_wienerstaedtische_mehrleben_folge12_langversion_final.mp4\" target=\"_blank\" rel=\"noopener\">Dr Bull in netdoktor.at<\/a><\/p>\n<\/div><\/div><\/div><div id=\"pgc-40824-4-1\"  class=\"panel-grid-cell\" ><div id=\"panel-40824-4-1-0\" class=\"so-panel widget widget_text panel-first-child panel-last-child\" data-index=\"16\" >\t\t\t<div class=\"textwidget\"><\/div>\n\t\t<\/div><\/div><\/div><\/div>","protected":false},"excerpt":{"rendered":"<p>&nbsp; &nbsp; Willkommen in der Praxis Dr Bull Ihr Spezialist f\u00fcr Endoskopie, Proktologie und Venenchirurgie Sehr geehrte Damen und Herren! Dr. Bull ist Facharzt f\u00fcr Chirurgie in Wien und praktiziert&nbsp; seit 1994 ausschlie\u00dflich ambulant durchzuf\u00fchrende Eingriffe. Die Ordination ist spezialisiert auf Endoskopie (Gastro- und Koloskopie), Proktologie und Venenchirurgie. Die Chirurgische Tagesklinik Sievering und die im [&hellip;]<\/p>\n","protected":false},"author":1,"featured_media":0,"parent":0,"menu_order":0,"comment_status":"closed","ping_status":"open","template":"home-panels.php","meta":{"ngg_post_thumbnail":0,"footnotes":""},"class_list":["post-40824","page","type-page","status-publish","hentry","post"],"_links":{"self":[{"href":"https:\/\/www.dr-bull.at\/pl\/wp-json\/wp\/v2\/pages\/40824","targetHints":{"allow":["GET"]}}],"collection":[{"href":"https:\/\/www.dr-bull.at\/pl\/wp-json\/wp\/v2\/pages"}],"about":[{"href":"https:\/\/www.dr-bull.at\/pl\/wp-json\/wp\/v2\/types\/page"}],"author":[{"embeddable":true,"href":"https:\/\/www.dr-bull.at\/pl\/wp-json\/wp\/v2\/users\/1"}],"replies":[{"embeddable":true,"href":"https:\/\/www.dr-bull.at\/pl\/wp-json\/wp\/v2\/comments?post=40824"}],"version-history":[{"count":0,"href":"https:\/\/www.dr-bull.at\/pl\/wp-json\/wp\/v2\/pages\/40824\/revisions"}],"wp:attachment":[{"href":"https:\/\/www.dr-bull.at\/pl\/wp-json\/wp\/v2\/media?parent=40824"}],"curies":[{"name":"wp","href":"https:\/\/api.w.org\/{rel}","templated":true}]}}