{"id":40647,"date":"2014-11-29T09:22:36","date_gmt":"2014-11-29T09:22:36","guid":{"rendered":"https:\/\/www.dr-bull.at\/home"},"modified":"2019-10-12T20:01:59","modified_gmt":"2019-10-12T20:01:59","slug":"home","status":"publish","type":"page","link":"https:\/\/www.dr-bull.at\/fr\/","title":{"rendered":"Acceuil"},"content":{"rendered":"<div id=\"pl-40647\"  class=\"panel-layout\" ><div id=\"pg-40647-0\"  class=\"panel-grid panel-no-style\" ><div id=\"pgc-40647-0-0\"  class=\"panel-grid-cell\" ><div id=\"panel-40647-0-0-0\" class=\"so-panel widget widget_black-studio-tinymce widget_black_studio_tinymce panel-first-child\" data-index=\"0\" ><div class=\"textwidget\"><p>&nbsp;<\/p>\n<p>&nbsp;<img loading=\"lazy\" decoding=\"async\" class=\"alignnone size-medium wp-image-40475\" src=\"https:\/\/www.dr-bull.at\/wp-content\/uploads\/2019\/03\/Foto-Dr.-Philippe-Bull-zugeschnitten-300x267.jpg\" alt=\"\" width=\"300\" height=\"267\" title=\"\" srcset=\"https:\/\/www.dr-bull.at\/wp-content\/uploads\/2019\/03\/Foto-Dr.-Philippe-Bull-zugeschnitten-300x267.jpg 300w, https:\/\/www.dr-bull.at\/wp-content\/uploads\/2019\/03\/Foto-Dr.-Philippe-Bull-zugeschnitten-768x683.jpg 768w, https:\/\/www.dr-bull.at\/wp-content\/uploads\/2019\/03\/Foto-Dr.-Philippe-Bull-zugeschnitten.jpg 968w\" sizes=\"auto, (max-width: 300px) 100vw, 300px\" \/><\/p>\n<\/div><\/div><div id=\"panel-40647-0-0-1\" class=\"so-panel widget widget_siteorigin-panels-embedded-video panel-last-child\" data-index=\"1\" >\t\t<div class=\"siteorigin-fitvids\"><\/div>\n\t\t<\/div><\/div><div id=\"pgc-40647-0-1\"  class=\"panel-grid-cell\" ><div id=\"panel-40647-0-1-0\" class=\"so-panel widget widget_black-studio-tinymce widget_black_studio_tinymce panel-first-child panel-last-child\" data-index=\"2\" ><div class=\"textwidget\"><h1>Bienvenue \u00e0 la Clinique Dr Bull<\/h1>\n<h2>Votre sp\u00e9cialiste en endoscopie, proctologie et chirurgie veineuse<\/h2>\n<p><strong>Chers Mesdames et Messieurs!<\/strong><\/p>\n<p>Dr. Bull est sp\u00e9cialiste en chirurgie \u00e0 Vienne et ne pratique que des interventions ambulatoires sous anasthj\u00e9sie local ou en s\u00e9do-analg\u00e9sie pr\u00e9copnisant une mobilisation pr\u00e9coce. Le cabinet est sp\u00e9cialis\u00e9 en endoscopie (gastro et coloscopie), en proctologie et en chirurgie veineuse. La clinique chirurgicale Sievering et le cabinet priv\u00e9 de Heiligenkreuzerhof au centre historique de Vienne, a quelques pas de la cath\u00e9dral St-\u00c9tienne, s'inscrivent dans la tendance actuelle: les examens endoscopiques de pr\u00e9caution et de nombreuses chirurgies n'exigent plus d'hospitalisation: ils peuvent \u00eatre r\u00e9alis\u00e9s dans un centre de chirurgie ambulatoire ou une clinique de jour. Les soins m\u00e9dicaux, les soins et le mat\u00e9riel chirurgical sont du plus haut niveau; Il vous entoure d'une atmosph\u00e8re priv\u00e9e et familial.<\/p>\n<p>Sur notre site Web, vous trouverez, outre l\u2019ordination et la pratique chirurgicale, des informations importantes sur le patient, sous forme d\u2019images cliniques ou par ordre alphab\u00e9tique. Si vous avez des questions, vous pouvez toujours nous contacter directement <\/p>\n<\/div><\/div><\/div><\/div><div id=\"pg-40647-1\"  class=\"panel-grid panel-no-style\" ><div id=\"pgc-40647-1-0\"  class=\"panel-grid-cell\" ><div id=\"panel-40647-1-0-0\" class=\"so-panel widget widget_black-studio-tinymce widget_black_studio_tinymce panel-first-child\" data-index=\"3\" ><h3 class=\"widget-title\">Chirurgie ambulatoire<\/h3><div class=\"textwidget\"><p>Chirurgie ambulatoire: Chirurgie d'un jour ou chirurgie ambulatoire signifie effectuer une intervention chirurgicale sans s\u00e9jour hospitalier de plusieurs jours. Le patient vient \u00e0 la clinique, est ensuite op\u00e9r\u00e9 et rentre chez lui le m\u00eame jour. Les avantages ici sont la mobilisation pr\u00e9coce du patient, la meilleure calculabilit\u00e9 de la s\u00e9quence temporelle, le risque moins \u00e9lev\u00e9 d'infections d'origine hospitali\u00e8re et une meilleure utilisation des op\u00e9rations de l'h\u00f4pital. Au contraire, la mobilisation pr\u00e9coce et le risque d'infection plus faible (germes hospitaliers) r\u00e9duisent consid\u00e9rablement la convalescence.<\/p>\n<\/div><\/div><div id=\"panel-40647-1-0-1\" class=\"so-panel widget widget_origin_button panel-last-child\" data-index=\"4\" ><div class=\"origin-widget origin-widget-button origin-widget-button-simple-white align-center\"><a href=\"\/tageschirurgie\" \n>\n\ten savoir plus<\/a>\n<\/div><\/div><\/div><div id=\"pgc-40647-1-1\"  class=\"panel-grid-cell\" ><div id=\"panel-40647-1-1-0\" class=\"so-panel widget widget_siteorigin-panels-embedded-video panel-first-child panel-last-child\" data-index=\"5\" >\t\t<div class=\"siteorigin-fitvids\"><iframe loading=\"lazy\" width=\"720\" height=\"540\" src=\"https:\/\/www.youtube.com\/embed\/AVle1jOEHK4?feature=oembed\" frameborder=\"0\" allow=\"autoplay; encrypted-media\" allowfullscreen><\/iframe><\/div>\n\t\t<\/div><\/div><\/div><div id=\"pg-40647-2\"  class=\"panel-grid panel-no-style\" ><div id=\"pgc-40647-2-0\"  class=\"panel-grid-cell\" ><div id=\"panel-40647-2-0-0\" class=\"so-panel widget widget_black-studio-tinymce widget_black_studio_tinymce panel-first-child panel-last-child\" data-index=\"6\" ><h3 class=\"widget-title\">Centre colo-rectal<\/h3><div class=\"textwidget\"><p>La coloscopie est le test le plus pr\u00e9cis pour le d\u00e9pistage du cancer du c\u00f4lon et celui du rectum. Cet examen est d'une qualit\u00e9 \u00e9prouv\u00e9e puisque, en effectuant un d\u00e9pistage pr\u00e9coce de la maladie, il permet une gu\u00e9rison. L'endoscope est un tube tr\u00e8s souple munie d\u2019une lumi\u00e8re qui permet de visualiser le c\u00f4lon et le rectum.<\/p>\n<p>Il est alors possible de d\u00e9tecter si vous avez des polypes et proc\u00e9der \u00e0 leur ablation simultan\u00e9ment, par l\u2019interm\u00e9diaire d\u2019une sonde sp\u00e9ciale. L\u2019ex\u00e9r\u00e8se endoscopique des l\u00e9sions ad\u00e9nomateuses du c\u00f4lon et du rectum est la base de la pr\u00e9vention du cancer colo-rectal.<\/p>\n<p>Pour la plupart des gens, le d\u00e9pistage du cancer du c\u00f4lon devrait commencer \u00e0 50 ans. Si une coloscopie ne montre pas la pr\u00e9sence d\u2019ad\u00e9nomes ou de cancer et que vous ne pr\u00e9sentez pas de facteurs de risque, le prochain test ne devrait pas avoir lieu avant dix ans. Si un ou deux petits ad\u00e9nomes b\u00e9nins sont enlev\u00e9s, l\u2019examen doit \u00eatre r\u00e9p\u00e9t\u00e9 dans les cinq \u00e0 dix prochaines ann\u00e9es.<\/p>\n<p>&nbsp;<\/p>\n<\/div><\/div><\/div><div id=\"pgc-40647-2-1\"  class=\"panel-grid-cell\" ><div id=\"panel-40647-2-1-0\" class=\"so-panel widget widget_black-studio-tinymce widget_black_studio_tinymce panel-first-child panel-last-child\" data-index=\"7\" ><h3 class=\"widget-title\">Traitement des Varices<\/h3><div class=\"textwidget\"><p><a href=\"https:\/\/www.dr-bull.at\/krampfadern-wien\"><img loading=\"lazy\" decoding=\"async\" class=\" wp-image-828 size-thumbnail alignleft\" src=\"https:\/\/www.dr-bull.at\/wp-content\/uploads\/2014\/11\/vv2-210-120-150x120.jpg\" alt=\"\" width=\"150\" height=\"120\" title=\"\"><\/a><a href=\"https:\/\/www.dr-bull.at\/krampfadern-wien\"><br \/>\n<\/a>Les <a href=\"https:\/\/www.dr-bull.at\/fr\/clinique-des-veines\">varices<\/a> ne vous d\u00e9rangent pas seulement esth\u00e9tiquement. Ils provoquent \u00e9galement de la fatigue, de la congestion, des crampes au mollet, des l\u00e9sions cutan\u00e9es et des phl\u00e9bites r\u00e9p\u00e9t\u00e9es jusqu'au d\u00e9veloppement d'un ulc\u00e8re de la jambe inf\u00e9rieure (ulc\u00e8re veineux). Aux premiers stades de la maladie veineuse, on peut tenter de drainer les veines. Cette scl\u00e9roth\u00e9rapie (scl\u00e9roth\u00e9rapie) n'est recommand\u00e9e que pour les varices de moins de 10 mm. Si les varices sont compl\u00e8tement d\u00e9velopp\u00e9es, un succ\u00e8s durable est peu probable. Il en va de m\u00eame pour les mesures de traitement, telles que le port d'un bas en caoutchouc et l'administration de m\u00e9dicaments. Mais nous pouvons conseiller une intervention chirurgicale si le syst\u00e8me veineux profond est intact. Cela n\u00e9cessite des \u00e9tudes d\u00e9taill\u00e9es, par exemple. En \u00e9chographie Doppler, pour la repr\u00e9sentation fonctionnelle du syst\u00e8me veineux.<\/p>\n<p><a href=\"https:\/\/www.dr-bull.at\/fr\/clinique-des-veines\">En savoir plus<\/a><\/p>\n<\/div><\/div><\/div><div id=\"pgc-40647-2-2\"  class=\"panel-grid-cell\" ><div id=\"panel-40647-2-2-0\" class=\"so-panel widget widget_black-studio-tinymce widget_black_studio_tinymce panel-first-child panel-last-child\" data-index=\"8\" ><div class=\"textwidget\"><p style=\"text-align: center;\"><a title=\"About Dr Bull\" href=\"https:\/\/www.dr-bull.at\/about\"><img loading=\"lazy\" decoding=\"async\" class=\"alignleft wp-image-157 size-full\" src=\"https:\/\/www.dr-bull.at\/wp-content\/uploads\/2014\/10\/keep-calm-and-go-to-dr-bull-e1420322438872.jpg\" alt=\"keep-calm-and-go-to-dr-bull\" width=\"250\" height=\"200\" title=\"\"><\/a><\/p>\n<p style=\"text-align: center;\">\u00a0<\/p>\n<\/div><\/div><\/div><\/div><div id=\"pg-40647-3\"  class=\"panel-grid panel-no-style\" ><div id=\"pgc-40647-3-0\"  class=\"panel-grid-cell\" ><div id=\"panel-40647-3-0-0\" class=\"so-panel widget widget_black-studio-tinymce widget_black_studio_tinymce panel-first-child\" data-index=\"9\" ><div class=\"textwidget\"><p style=\"text-align: center;\"><img loading=\"lazy\" decoding=\"async\" src=\"https:\/\/www.dr-bull.at\/wp-content\/uploads\/2014\/12\/qrcode_bull-92.jpg\" width=\"92\" height=\"92\" alt=\"Arzt-App\" title=\"\"><\/p>\n<p style=\"text-align: center;\"><b>Arzt-App<br \/>\n<\/b>Cet App vous permet de rester en contact avec votre m\u00e9decin<\/p>\n<\/div><\/div><div id=\"panel-40647-3-0-1\" class=\"so-panel widget widget_origin_button panel-last-child\" data-index=\"10\" ><div class=\"origin-widget origin-widget-button origin-widget-button-simple-white align-center\"><a href=\"\/ordination\" \n>\n\ten savoir plus<\/a>\n<\/div><\/div><\/div><div id=\"pgc-40647-3-1\"  class=\"panel-grid-cell\" ><div id=\"panel-40647-3-1-0\" class=\"so-panel widget widget_black-studio-tinymce widget_black_studio_tinymce panel-first-child\" data-index=\"11\" ><div class=\"textwidget\"><p style=\"text-align: center;\"><img loading=\"lazy\" decoding=\"async\" src=\"https:\/\/www.dr-bull.at\/wp-content\/uploads\/2014\/12\/e-card-92.jpg\" width=\"143\" height=\"92\" alt=\"E-Card\" title=\"\"><\/p>\n<p style=\"text-align: center;\"><b>Nous d\u00e9servons toute les assurances priv\u00e9es et caisses sociale de sant\u00e9 sauf la WGKK<br \/>\n<\/b><\/p>\n<\/div><\/div><div id=\"panel-40647-3-1-1\" class=\"so-panel widget widget_origin_button panel-last-child\" data-index=\"12\" ><div class=\"origin-widget origin-widget-button origin-widget-button-simple-white align-center\"><a href=\"\/ordination\" \n>\n\ten savoir plus<\/a>\n<\/div><\/div><\/div><div id=\"pgc-40647-3-2\"  class=\"panel-grid-cell\" ><div id=\"panel-40647-3-2-0\" class=\"so-panel widget widget_black-studio-tinymce widget_black_studio_tinymce panel-first-child\" data-index=\"13\" ><div class=\"textwidget\"><p style=\"text-align: center;\"><img loading=\"lazy\" decoding=\"async\" src=\"https:\/\/www.dr-bull.at\/wp-content\/uploads\/2014\/12\/termin_vereinbaren100.jpg\" width=\"100\" height=\"92\" alt=\"Prendre rendez-vous\" title=\"\"><\/p>\n<p style=\"text-align: center;\"><b>Voulez-vous prendre un rendez-vous?<br \/>\n<\/b>C'est facil en ligne <a title=\"Appointment\" href=\"https:\/\/www.dr-bull.at\/kontakt\/\">Online-Formular<\/a>  ou avec le secr\u00e9tariat au +43 1 328 8777<\/p>\n<\/div><\/div><div id=\"panel-40647-3-2-1\" class=\"so-panel widget widget_origin_button panel-last-child\" data-index=\"14\" ><div class=\"origin-widget origin-widget-button origin-widget-button-simple-white align-center\"><a href=\"\/ordination\" \n>\n\ten savoir plus<\/a>\n<\/div><\/div><\/div><\/div><div id=\"pg-40647-4\"  class=\"panel-grid panel-no-style\" ><div id=\"pgc-40647-4-0\"  class=\"panel-grid-cell\" ><div id=\"panel-40647-4-0-0\" class=\"so-panel widget widget_black-studio-tinymce widget_black_studio_tinymce panel-first-child panel-last-child\" data-index=\"15\" ><div class=\"textwidget\"><p><img alt=\"\" \/><\/p>\n<\/div><\/div><\/div><div id=\"pgc-40647-4-1\"  class=\"panel-grid-cell\" ><div id=\"panel-40647-4-1-0\" class=\"so-panel widget widget_text panel-first-child panel-last-child\" data-index=\"16\" >\t\t\t<div class=\"textwidget\"><\/div>\n\t\t<\/div><\/div><\/div><\/div>","protected":false},"excerpt":{"rendered":"<p>&nbsp; &nbsp; Bienvenue \u00e0 la Clinique Dr Bull Votre sp\u00e9cialiste en endoscopie, proctologie et chirurgie veineuse Chers Mesdames et Messieurs! Dr. Bull est sp\u00e9cialiste en chirurgie \u00e0 Vienne et ne pratique que des interventions ambulatoires sous anasthj\u00e9sie local ou en s\u00e9do-analg\u00e9sie pr\u00e9copnisant une mobilisation pr\u00e9coce. Le cabinet est sp\u00e9cialis\u00e9 en endoscopie (gastro et coloscopie), en [&hellip;]<\/p>\n","protected":false},"author":1,"featured_media":0,"parent":0,"menu_order":0,"comment_status":"closed","ping_status":"open","template":"home-panels.php","meta":{"ngg_post_thumbnail":0,"footnotes":""},"class_list":["post-40647","page","type-page","status-publish","hentry","post"],"_links":{"self":[{"href":"https:\/\/www.dr-bull.at\/fr\/wp-json\/wp\/v2\/pages\/40647","targetHints":{"allow":["GET"]}}],"collection":[{"href":"https:\/\/www.dr-bull.at\/fr\/wp-json\/wp\/v2\/pages"}],"about":[{"href":"https:\/\/www.dr-bull.at\/fr\/wp-json\/wp\/v2\/types\/page"}],"author":[{"embeddable":true,"href":"https:\/\/www.dr-bull.at\/fr\/wp-json\/wp\/v2\/users\/1"}],"replies":[{"embeddable":true,"href":"https:\/\/www.dr-bull.at\/fr\/wp-json\/wp\/v2\/comments?post=40647"}],"version-history":[{"count":0,"href":"https:\/\/www.dr-bull.at\/fr\/wp-json\/wp\/v2\/pages\/40647\/revisions"}],"wp:attachment":[{"href":"https:\/\/www.dr-bull.at\/fr\/wp-json\/wp\/v2\/media?parent=40647"}],"curies":[{"name":"wp","href":"https:\/\/api.w.org\/{rel}","templated":true}]}}